{"id":1774,"date":"2021-10-12T16:51:16","date_gmt":"2021-10-12T13:51:16","guid":{"rendered":"https:\/\/adiloglu.com.tr\/?page_id=1774"},"modified":"2022-09-08T11:36:41","modified_gmt":"2022-09-08T08:36:41","slug":"iletisim","status":"publish","type":"page","link":"https:\/\/adiloglu.com.tr\/en\/elements\/pages\/iletisim\/","title":{"rendered":"Contact"},"content":{"rendered":"<div id=\"gap-61613273\" class=\"gap-element clearfix\" style=\"display:block; height:auto;\">\n\t\t\n<style>\n#gap-61613273 {\n  padding-top: 30px;\n}\n<\/style>\n\t<\/div>\n\t\n\n<div class=\"container section-title-container\" ><h3 class=\"section-title section-title-center\"><b><\/b><span class=\"section-title-main\" >Contact<\/span><b><\/b><\/h3><\/div>\n\n<div class=\"row row-full-width align-center row-divided\"  id=\"row-1088421183\">\n\n\n\t<div id=\"col-330971097\" class=\"col medium-2 small-12 large-2\"  >\n\t\t\t\t<div class=\"col-inner\"  >\n\t\t\t\n\t\t\t\n\n\t<div id=\"text-3932573500\" class=\"text\">\n\t\t\n\n<h5>AD\u0130LO\u011eLU GRUP<\/h5>\n<p><a href=\"https:\/\/www.google.com\/maps?ll=40.185461,29.086471&amp;z=16&amp;t=m&amp;hl=tr&amp;gl=TR&amp;mapclient=embed&amp;cid=8710812764129365844\" target=\"_blank\" rel=\"noopener\">Sinandede Mh. Biray Sk. No:19A\u00a0 YILDIRIM \/ BURSA<\/a><\/p>\n<p><a href=\"mailto:mail@adiloglu.com.tr\">mail@adiloglu.com.tr<\/a><\/p>\n<p><a href=\"tel:+902243610180\">0224 361 01 80<\/a><\/p>\n\t\t\n<style>\n#text-3932573500 {\n  text-align: center;\n}\n<\/style>\n\t<\/div>\n\t\n<iframe src=\"https:\/\/www.google.com\/maps\/embed?pb=!1m18!1m12!1m3!1d3048.060771613304!2d29.08428261538888!3d40.185460979392715!2m3!1f0!2f0!3f0!3m2!1i1024!2i768!4f13.1!3m3!1m2!1s0x0%3A0x78e3060e9ede8f54!2zQWRpbG_En2x1!5e0!3m2!1str!2str!4v1632577842089!5m2!1str!2str\" width=\"100%\" height=\"300\" style=\"border:0;\" allowfullscreen=\"\" loading=\"lazy\"><\/iframe>\n\n\n\t\t<\/div>\n\t\t\t\t\t<\/div>\n\n\t\n\n\t<div id=\"col-1184390927\" class=\"col medium-2 small-12 large-2\"  >\n\t\t\t\t<div class=\"col-inner\"  >\n\t\t\t\n\t\t\t\n\n<h5 style=\"text-align: center;\">Adilo\u011flu Construction<\/h5>\n<p style=\"text-align: center;\"><a href=\"https:\/\/www.google.com\/maps?ll=40.18592,29.086466&amp;z=16&amp;t=m&amp;hl=tr&amp;gl=TR&amp;mapclient=embed&amp;cid=14047883749428627299\" target=\"_blank\" rel=\"noopener\">Sinandede Mh. Biray Sk. No:19A\u00a0 YILDIRIM \/ BURSA<\/a><\/p>\n<p style=\"text-align: center;\"><a href=\"mailto:basolhaninsaat@gmail.com\">insaat@adiloglu.com.tr<\/a><\/p>\n<p style=\"text-align: center;\"><a href=\"tel:+902243610180\">0224 361 01 80<\/a><\/p>\n<iframe src=\"https:\/\/www.google.com\/maps\/embed?pb=!1m14!1m8!1m3!1d1812.3715683778535!2d29.085879898921046!3d40.18606769111689!3m2!1i1024!2i768!4f13.1!3m3!1m2!1s0x0%3A0xc2f41bd75aad0763!2zQmHFn29saGFuIMSwbsWfYWF0!5e0!3m2!1str!2str!4v1632150642349!5m2!1str!2str\" width=\"100%\" height=\"300\" style=\"border:0;\" allowfullscreen=\"\" loading=\"lazy\"><\/iframe>\n\n\n\t\t<\/div>\n\t\t\t\t\t<\/div>\n\n\t\n\n\t<div id=\"col-382995725\" class=\"col medium-2 small-12 large-2\"  >\n\t\t\t\t<div class=\"col-inner\"  >\n\t\t\t\n\t\t\t\n\n<h5 style=\"text-align: center;\">Adilo\u011flu Glassware<\/h5>\n<p style=\"text-align: center;\"><a href=\"https:\/\/www.google.com\/maps?ll=40.186689,29.067809&amp;z=18&amp;t=m&amp;hl=tr&amp;gl=TR&amp;mapclient=embed&amp;cid=5728996210585328762\" target=\"_blank\" rel=\"noopener\">Demirta\u015fpa\u015fa Mh, 3. Yeni Sk. No:25, 16220 OSMANGAZ\u0130 \/ BURSA<\/a><\/p>\n<p style=\"text-align: center;\"><a href=\"mailto:adiloglu1976@gmail.com\">adiloglu1976@gmail.com<\/a><\/p>\n<p style=\"text-align: center;\"><a href=\"tel:+902242236598\">0224 223 65 98<\/a><\/p>\n<iframe src=\"https:\/\/www.google.com\/maps\/embed?pb=!1m14!1m8!1m3!1d762.0006562586564!2d29.0679172843213!3d40.18675502784091!3m2!1i1024!2i768!4f13.1!3m3!1m2!1s0x0%3A0x4f817bb3337f5c7a!2zQWRpbG_En2x1IFrDvGNjYWNpeWU!5e0!3m2!1str!2str!4v1632150161527!5m2!1str!2str\" width=\"100%\" height=\"300\" style=\"border:0;\" allowfullscreen=\"\" loading=\"lazy\"><\/iframe>\n\n\n\t\t<\/div>\n\t\t\t\t\t<\/div>\n\n\t\n\n\t<div id=\"col-766321864\" class=\"col medium-2 small-12 large-2\"  >\n\t\t\t\t<div class=\"col-inner\"  >\n\t\t\t\n\t\t\t\n\n<h5 style=\"text-align: center;\">Adilo\u011flu Curtains<\/h5>\n<p style=\"text-align: center;\"><a href=\"https:\/\/www.google.com\/maps\/dir\/\/Adilo%C4%9Flu+Perde+Tuzpazar%C4%B1+Abdal+Cd.+NO:35+16020+Osmangazi%2FBursa\/@40.1868007,29.0677963,16z\/data=!4m5!4m4!1m0!1m2!1m1!1s0x14ca3f04878b3c13:0xe9e4b387fed5f138\" target=\"_blank\" rel=\"noopener\">Tuzpazar\u0131, Abdal Cd. NO:35, 16020 OSMANGAZ\u0130 \/ BURSA<\/a><\/p>\n<p style=\"text-align: center;\"><a href=\"mailto:adiloglu1976@gmail.com\">adiloglu1976@gmail.com<\/a><\/p>\n<p style=\"text-align: center;\"><a href=\"tel:+905412236598\">0541 223 65 98<\/a><\/p>\n<iframe src=\"https:\/\/www.google.com\/maps\/embed?pb=!1m18!1m12!1m3!1d3048.0008883320625!2d29.06562851570128!3d40.18679367751495!2m3!1f0!2f0!3f0!3m2!1i1024!2i768!4f13.1!3m3!1m2!1s0x14ca3f04878b3c13%3A0xe9e4b387fed5f138!2sAdilo%C4%9Flu%20Perde!5e0!3m2!1str!2str!4v1632148179980!5m2!1str!2str\" width=\"100%\" height=\"300\" style=\"border:0;\" allowfullscreen=\"\" loading=\"lazy\"><\/iframe>\n\n\n\t\t<\/div>\n\t\t\t\t\t<\/div>\n\n\t\n\n\t<div id=\"col-536369743\" class=\"col medium-2 small-12 large-2\"  >\n\t\t\t\t<div class=\"col-inner\"  >\n\t\t\t\n\t\t\t\n\n<h5 style=\"text-align: center;\">EVM\u0130S DESIGN<\/h5>\n<p style=\"text-align: center;\"><a href=\"https:\/\/www.google.com\/maps?ll=40.18592,29.086466&amp;z=16&amp;t=m&amp;hl=tr&amp;gl=TR&amp;mapclient=embed&amp;cid=14047883749428627299\" target=\"_blank\" rel=\"noopener\">Sinandede Mh. Biray Sk. No:19A\u00a0 YILDIRIM \/ BURSA<\/a><\/p>\n<p style=\"text-align: center;\"><a href=\"mailto:basolhaninsaat@gmail.com\">evmis@adiloglu.com.tr<\/a><\/p>\n<p style=\"text-align: center;\"><a href=\"tel:+902243610180\">0224 361 01 80<\/a><\/p>\n<iframe src=\"https:\/\/www.google.com\/maps\/embed?pb=!1m14!1m8!1m3!1d1812.3715683778535!2d29.085879898921046!3d40.18606769111689!3m2!1i1024!2i768!4f13.1!3m3!1m2!1s0x0%3A0xc2f41bd75aad0763!2zQmHFn29saGFuIMSwbsWfYWF0!5e0!3m2!1str!2str!4v1632150642349!5m2!1str!2str\" width=\"100%\" height=\"300\" style=\"border:0;\" allowfullscreen=\"\" loading=\"lazy\"><\/iframe>\n\n\n\t\t<\/div>\n\t\t\t\t\t<\/div>\n\n\t\n\n<\/div>","protected":false},"excerpt":{"rendered":"","protected":false},"author":1,"featured_media":45,"parent":80,"menu_order":0,"comment_status":"closed","ping_status":"closed","template":"page-blank.php","meta":{"footnotes":""},"class_list":["post-1774","page","type-page","status-publish","has-post-thumbnail","hentry"],"_links":{"self":[{"href":"https:\/\/adiloglu.com.tr\/en\/wp-json\/wp\/v2\/pages\/1774","targetHints":{"allow":["GET"]}}],"collection":[{"href":"https:\/\/adiloglu.com.tr\/en\/wp-json\/wp\/v2\/pages"}],"about":[{"href":"https:\/\/adiloglu.com.tr\/en\/wp-json\/wp\/v2\/types\/page"}],"author":[{"embeddable":true,"href":"https:\/\/adiloglu.com.tr\/en\/wp-json\/wp\/v2\/users\/1"}],"replies":[{"embeddable":true,"href":"https:\/\/adiloglu.com.tr\/en\/wp-json\/wp\/v2\/comments?post=1774"}],"version-history":[{"count":13,"href":"https:\/\/adiloglu.com.tr\/en\/wp-json\/wp\/v2\/pages\/1774\/revisions"}],"predecessor-version":[{"id":2738,"href":"https:\/\/adiloglu.com.tr\/en\/wp-json\/wp\/v2\/pages\/1774\/revisions\/2738"}],"up":[{"embeddable":true,"href":"https:\/\/adiloglu.com.tr\/en\/wp-json\/wp\/v2\/pages\/80"}],"wp:featuredmedia":[{"embeddable":true,"href":"https:\/\/adiloglu.com.tr\/en\/wp-json\/wp\/v2\/media\/45"}],"wp:attachment":[{"href":"https:\/\/adiloglu.com.tr\/en\/wp-json\/wp\/v2\/media?parent=1774"}],"curies":[{"name":"wp","href":"https:\/\/api.w.org\/{rel}","templated":true}]}}