{"id":2192,"date":"2021-10-21T15:02:57","date_gmt":"2021-10-21T12:02:57","guid":{"rendered":"https:\/\/adiloglu.com.tr\/?page_id=2192"},"modified":"2021-10-21T15:02:58","modified_gmt":"2021-10-21T12:02:58","slug":"goruntulu-gorusme","status":"publish","type":"page","link":"https:\/\/adiloglu.com.tr\/en\/goruntulu-gorusme\/","title":{"rendered":"G\u00f6r\u00fcnt\u00fcl\u00fc G\u00f6r\u00fc\u015fme"},"content":{"rendered":"<div class=\"wp-block-jitsi-meet-wp-jitsi-meet jitsi-wrapper\" data-name=\"150cb9x2yv1\" data-width=\"1080\" data-height=\"720\" data-mute=\"false\" data-videomute=\"false\" data-screen=\"false\" style=\"width:1080px\"><\/div>","protected":false},"excerpt":{"rendered":"","protected":false},"author":1,"featured_media":0,"parent":0,"menu_order":0,"comment_status":"closed","ping_status":"closed","template":"","meta":{"footnotes":""},"class_list":["post-2192","page","type-page","status-publish","hentry"],"_links":{"self":[{"href":"https:\/\/adiloglu.com.tr\/en\/wp-json\/wp\/v2\/pages\/2192","targetHints":{"allow":["GET"]}}],"collection":[{"href":"https:\/\/adiloglu.com.tr\/en\/wp-json\/wp\/v2\/pages"}],"about":[{"href":"https:\/\/adiloglu.com.tr\/en\/wp-json\/wp\/v2\/types\/page"}],"author":[{"embeddable":true,"href":"https:\/\/adiloglu.com.tr\/en\/wp-json\/wp\/v2\/users\/1"}],"replies":[{"embeddable":true,"href":"https:\/\/adiloglu.com.tr\/en\/wp-json\/wp\/v2\/comments?post=2192"}],"version-history":[{"count":1,"href":"https:\/\/adiloglu.com.tr\/en\/wp-json\/wp\/v2\/pages\/2192\/revisions"}],"predecessor-version":[{"id":2193,"href":"https:\/\/adiloglu.com.tr\/en\/wp-json\/wp\/v2\/pages\/2192\/revisions\/2193"}],"wp:attachment":[{"href":"https:\/\/adiloglu.com.tr\/en\/wp-json\/wp\/v2\/media?parent=2192"}],"curies":[{"name":"wp","href":"https:\/\/api.w.org\/{rel}","templated":true}]}}