{"id":378,"date":"2021-09-14T15:00:10","date_gmt":"2021-09-14T12:00:10","guid":{"rendered":"https:\/\/adiloglu.com.tr\/?page_id=378"},"modified":"2021-10-20T15:31:01","modified_gmt":"2021-10-20T12:31:01","slug":"degerlerimiz","status":"publish","type":"page","link":"https:\/\/adiloglu.com.tr\/en\/elements\/degerlerimiz\/","title":{"rendered":"De\u011ferlerimiz"},"content":{"rendered":"<section class=\"section\" id=\"section_1629994618\">\n\t\t<div class=\"bg section-bg fill bg-fill bg-loaded bg-loaded\" >\n\n\t\t\t\n\t\t\t<div class=\"section-bg-overlay absolute fill\"><\/div>\n\t\t\t\n\n\t\t<\/div>\n\n\t\t<div class=\"section-content relative\">\n\t\t\t\n\n<div class=\"row row-collapse row-full-width align-middle\"  id=\"row-822839394\">\n\n\n\t<div id=\"col-2093569534\" class=\"col medium-6 small-12 large-6\"  >\n\t\t\t\t<div class=\"col-inner text-center\" style=\"max-width:520px;\" >\n\t\t\t\n\t\t\t\n\n<section class=\"_secondaryText _lines pt-50 our-philosophy-and-principles\">\n<div class=\"_common _relative _shapes2 _z9\">\n<div class=\"container-fluid\">\n<div class=\"row mt-0\">\n<div class=\"col-lg-6\">\n<div class=\"_txt _smallContainer\">\n<blockquote>\u201cDe\u011fer bilmek, de\u011fer katmak.\u201d<\/blockquote>\n<p>Biz; insan\u0131m\u0131z\u0131n, \u00fclkemizin ve insanl\u0131\u011f\u0131n de\u011ferini bilir, toplumumuza, d\u00fcnyam\u0131za ve ortak gelece\u011fimize de\u011fer katmak i\u00e7in \u00e7al\u0131\u015f\u0131r\u0131z.<\/p>\n<p>Hedefimiz; \u00fcr\u00fcn ve hizmetlerimizle daha y\u00fcksek fayda sa\u011flamak, \u015firketlerimiz ve markalar\u0131m\u0131zla daima yenilik\u00e7i ve \u00f6nc\u00fc olmakt\u0131r.<\/p>\n<p>\u0130\u015f ortaklar\u0131m\u0131z, \u00e7al\u0131\u015fanlar\u0131m\u0131z ve payda\u015flar\u0131m\u0131zla birlikte ba\u015far\u0131 yolunda ilerlerken pusulam\u0131z, akl\u0131m\u0131zda ve g\u00f6nl\u00fcm\u00fczde ta\u015f\u0131d\u0131\u011f\u0131m\u0131z de\u011ferlerimiz ve ilkelerimizdir.<\/p>\n<\/div>\n<\/div>\n<\/div>\n<\/div>\n<\/div>\n<\/section>\n\n\t\t<\/div>\n\t\t\t\t\n<style>\n#col-2093569534 > .col-inner {\n  padding: 10% 10% 10% 10%;\n}\n<\/style>\n\t<\/div>\n\n\t\n\n\t<div id=\"col-1728209001\" class=\"col medium-6 small-12 large-6\"  >\n\t\t\t\t<div class=\"col-inner\"  >\n\t\t\t\n\t\t\t\n\n\t<div class=\"img has-hover x md-x lg-x y md-y lg-y\" id=\"image_1187797890\">\n\t\t\t\t\t\t\t\t<div class=\"img-inner image-cover dark\" style=\"padding-top:75%;\">\n\t\t\t<img loading=\"lazy\" decoding=\"async\" width=\"1020\" height=\"515\" src=\"https:\/\/adiloglu.com.tr\/wp-content\/uploads\/2021\/10\/our-values-hero-tr.png\" class=\"attachment-large size-large\" alt=\"\" srcset=\"https:\/\/adiloglu.com.tr\/wp-content\/uploads\/2021\/10\/our-values-hero-tr.png 1268w, https:\/\/adiloglu.com.tr\/wp-content\/uploads\/2021\/10\/our-values-hero-tr-793x400.png 793w, https:\/\/adiloglu.com.tr\/wp-content\/uploads\/2021\/10\/our-values-hero-tr-768x388.png 768w\" sizes=\"auto, (max-width: 1020px) 100vw, 1020px\" \/>\t\t\t\t\t\t\n\t\t\t\t\t<\/div>\n\t\t\t\t\t\t\t\t\n<style>\n#image_1187797890 {\n  width: 100%;\n}\n<\/style>\n\t<\/div>\n\t\n\n\n\t\t<\/div>\n\t\t\t\t\t<\/div>\n\n\t\n\n<\/div>\n\n\t\t<\/div>\n\n\t\t\n<style>\n#section_1629994618 {\n  padding-top: 0px;\n  padding-bottom: 0px;\n  background-color: rgb(247, 247, 247);\n}\n#section_1629994618 .section-bg-overlay {\n  background-color: rgba(255, 255, 255, 0.85);\n}\n<\/style>\n\t<\/section>\n\t\n\t<section class=\"section\" id=\"section_172001065\">\n\t\t<div class=\"bg section-bg fill bg-fill bg-loaded bg-loaded\" >\n\n\t\t\t\n\t\t\t<div class=\"section-bg-overlay absolute fill\"><\/div>\n\t\t\t\n\n\t\t<\/div>\n\n\t\t<div class=\"section-content relative\">\n\t\t\t\n\n<div class=\"row row-collapse row-full-width align-middle\"  id=\"row-527930235\">\n\n\n\t<div id=\"col-731589007\" class=\"col medium-6 small-12 large-6\"  >\n\t\t\t\t<div class=\"col-inner\"  >\n\t\t\t\n\t\t\t\n\n\t<div class=\"img has-hover x md-x lg-x y md-y lg-y\" id=\"image_2025631782\">\n\t\t\t\t\t\t\t\t<div class=\"img-inner dark\" >\n\t\t\t<img loading=\"lazy\" decoding=\"async\" width=\"680\" height=\"465\" src=\"https:\/\/adiloglu.com.tr\/wp-content\/uploads\/2021\/09\/02.png\" class=\"attachment-large size-large\" alt=\"\" srcset=\"https:\/\/adiloglu.com.tr\/wp-content\/uploads\/2021\/09\/02.png 680w, https:\/\/adiloglu.com.tr\/wp-content\/uploads\/2021\/09\/02-585x400.png 585w, https:\/\/adiloglu.com.tr\/wp-content\/uploads\/2021\/09\/02-600x410.png 600w\" sizes=\"auto, (max-width: 680px) 100vw, 680px\" \/>\t\t\t\t\t\t\n\t\t\t\t\t<\/div>\n\t\t\t\t\t\t\t\t\n<style>\n#image_2025631782 {\n  width: 100%;\n}\n<\/style>\n\t<\/div>\n\t\n\n\n\t\t<\/div>\n\t\t\t\t\t<\/div>\n\n\t\n\n\t<div id=\"col-371850540\" class=\"col medium-6 small-12 large-6\"  >\n\t\t\t\t<div class=\"col-inner text-center\" style=\"max-width:520px;\" >\n\t\t\t\n\t\t\t\n\n<p>Bizi biz yapan ortak de\u011ferlerimizin; k\u00f6klerimizin ve sahip olduklar\u0131m\u0131z\u0131n; bilginin ve eme\u011fin; \u00fclkemizin ve insan\u0131m\u0131z\u0131n<\/p>\n<h1>K\u0131ymetini<br>Biliriz.<\/h1>\n\n\t\t<\/div>\n\t\t\t\t\n<style>\n#col-371850540 > .col-inner {\n  padding: 10% 10% 10% 10%;\n}\n<\/style>\n\t<\/div>\n\n\t\n\n<\/div>\n\n\t\t<\/div>\n\n\t\t\n<style>\n#section_172001065 {\n  padding-top: 0px;\n  padding-bottom: 0px;\n  background-color: rgb(247, 247, 247);\n}\n#section_172001065 .section-bg-overlay {\n  background-color: rgba(255, 255, 255, 0.85);\n}\n<\/style>\n\t<\/section>\n\t\n\t<section class=\"section\" id=\"section_857801646\">\n\t\t<div class=\"bg section-bg fill bg-fill bg-loaded bg-loaded\" >\n\n\t\t\t\n\t\t\t<div class=\"section-bg-overlay absolute fill\"><\/div>\n\t\t\t\n\n\t\t<\/div>\n\n\t\t<div class=\"section-content relative\">\n\t\t\t\n\n<div class=\"row row-collapse row-full-width align-middle\"  id=\"row-754559136\">\n\n\n\t<div id=\"col-2088365056\" class=\"col medium-6 small-12 large-6\"  >\n\t\t\t\t<div class=\"col-inner text-center\" style=\"max-width:520px;\" >\n\t\t\t\n\t\t\t\n\n<p>Giri\u015fimci ruhumuzla do\u011fru zamanda harekete ge\u00e7er; hep daha iyisini arayarak de\u011fi\u015fimi yakalar\u0131z. Merak ve \u00f6\u011frenme ile \u00f6zg\u00fcn fikirleri besler, i\u015fimize<\/p>\n<h1>Yenilik<br>Katar\u0131z.<\/h1>\n\n\t\t<\/div>\n\t\t\t\t\n<style>\n#col-2088365056 > .col-inner {\n  padding: 10% 10% 10% 10%;\n}\n<\/style>\n\t<\/div>\n\n\t\n\n\t<div id=\"col-1531142322\" class=\"col medium-6 small-12 large-6\"  >\n\t\t\t\t<div class=\"col-inner\"  >\n\t\t\t\n\t\t\t\n\n\t<div class=\"img has-hover x md-x lg-x y md-y lg-y\" id=\"image_1492036905\">\n\t\t\t\t\t\t\t\t<div class=\"img-inner dark\" >\n\t\t\t<img loading=\"lazy\" decoding=\"async\" width=\"680\" height=\"465\" src=\"https:\/\/adiloglu.com.tr\/wp-content\/uploads\/2021\/09\/03.png\" class=\"attachment-large size-large\" alt=\"\" srcset=\"https:\/\/adiloglu.com.tr\/wp-content\/uploads\/2021\/09\/03.png 680w, https:\/\/adiloglu.com.tr\/wp-content\/uploads\/2021\/09\/03-585x400.png 585w, https:\/\/adiloglu.com.tr\/wp-content\/uploads\/2021\/09\/03-600x410.png 600w\" sizes=\"auto, (max-width: 680px) 100vw, 680px\" \/>\t\t\t\t\t\t\n\t\t\t\t\t<\/div>\n\t\t\t\t\t\t\t\t\n<style>\n#image_1492036905 {\n  width: 100%;\n}\n<\/style>\n\t<\/div>\n\t\n\n\n\t\t<\/div>\n\t\t\t\t\t<\/div>\n\n\t\n\n<\/div>\n\n\t\t<\/div>\n\n\t\t\n<style>\n#section_857801646 {\n  padding-top: 0px;\n  padding-bottom: 0px;\n  background-color: rgb(247, 247, 247);\n}\n#section_857801646 .section-bg-overlay {\n  background-color: rgba(255, 255, 255, 0.85);\n}\n<\/style>\n\t<\/section>\n\t\n\t<section class=\"section\" id=\"section_320938911\">\n\t\t<div class=\"bg section-bg fill bg-fill bg-loaded bg-loaded\" >\n\n\t\t\t\n\t\t\t<div class=\"section-bg-overlay absolute fill\"><\/div>\n\t\t\t\n\n\t\t<\/div>\n\n\t\t<div class=\"section-content relative\">\n\t\t\t\n\n<div class=\"row row-collapse row-full-width align-middle\"  id=\"row-1130718944\">\n\n\n\t<div id=\"col-1161489192\" class=\"col medium-6 small-12 large-6\"  >\n\t\t\t\t<div class=\"col-inner\"  >\n\t\t\t\n\t\t\t\n\n\t<div class=\"img has-hover x md-x lg-x y md-y lg-y\" id=\"image_199751088\">\n\t\t\t\t\t\t\t\t<div class=\"img-inner dark\" >\n\t\t\t<img loading=\"lazy\" decoding=\"async\" width=\"1020\" height=\"681\" src=\"https:\/\/adiloglu.com.tr\/wp-content\/uploads\/2021\/10\/2-0.jpg\" class=\"attachment-large size-large\" alt=\"\" srcset=\"https:\/\/adiloglu.com.tr\/wp-content\/uploads\/2021\/10\/2-0.jpg 1024w, https:\/\/adiloglu.com.tr\/wp-content\/uploads\/2021\/10\/2-0-599x400.jpg 599w, https:\/\/adiloglu.com.tr\/wp-content\/uploads\/2021\/10\/2-0-768x513.jpg 768w\" sizes=\"auto, (max-width: 1020px) 100vw, 1020px\" \/>\t\t\t\t\t\t\n\t\t\t\t\t<\/div>\n\t\t\t\t\t\t\t\t\n<style>\n#image_199751088 {\n  width: 100%;\n}\n<\/style>\n\t<\/div>\n\t\n\n\n\t\t<\/div>\n\t\t\t\t\t<\/div>\n\n\t\n\n\t<div id=\"col-960564794\" class=\"col medium-6 small-12 large-6\"  >\n\t\t\t\t<div class=\"col-inner text-center\" style=\"max-width:520px;\" >\n\t\t\t\n\t\t\t\n\n<p>D\u00fcr\u00fcstl\u00fc\u011fe, etik kurallara ve yasalara her ko\u015fulda ba\u011fl\u0131 kal\u0131r\u0131z. S\u00fcrd\u00fcr\u00fclebilir bir ya\u015fam\u0131 ve gelecek ku\u015faklar\u0131 g\u00f6zetir; topluma ve \u00e7evremize kar\u015f\u0131<\/p>\n<h1 class=\"text-90\">Sorumlu ve \u015eeffaf Davran\u0131r\u0131z.<\/h1>\n\n\t\t<\/div>\n\t\t\t\t\n<style>\n#col-960564794 > .col-inner {\n  padding: 10% 10% 10% 10%;\n}\n<\/style>\n\t<\/div>\n\n\t\n\n<\/div>\n\n\t\t<\/div>\n\n\t\t\n<style>\n#section_320938911 {\n  padding-top: 0px;\n  padding-bottom: 0px;\n  background-color: rgb(247, 247, 247);\n}\n#section_320938911 .section-bg-overlay {\n  background-color: rgba(255, 255, 255, 0.85);\n}\n<\/style>\n\t<\/section>\n\t\n\t<section class=\"section\" id=\"section_1076290664\">\n\t\t<div class=\"bg section-bg fill bg-fill bg-loaded bg-loaded\" >\n\n\t\t\t\n\t\t\t<div class=\"section-bg-overlay absolute fill\"><\/div>\n\t\t\t\n\n\t\t<\/div>\n\n\t\t<div class=\"section-content relative\">\n\t\t\t\n\n<div class=\"row row-collapse row-full-width align-middle\"  id=\"row-1912092260\">\n\n\n\t<div id=\"col-822308693\" class=\"col medium-6 small-12 large-6\"  >\n\t\t\t\t<div class=\"col-inner text-center\" style=\"max-width:520px;\" >\n\t\t\t\n\t\t\t\n\n<p>Hayallerimizi ger\u00e7e\u011fe d\u00f6n\u00fc\u015ft\u00fcrmek i\u00e7in her yeni g\u00fcne cesaretle ve enerjiyle ba\u015flar, hedefe ula\u015fma ve lider olma azmiyle \u00e7al\u0131\u015f\u0131r; i\u015fimizi<\/p>\n<h1 class=\"text-90\">Tutkuyla<br>Sahipleniriz.<\/h1>\n\n\t\t<\/div>\n\t\t\t\t\n<style>\n#col-822308693 > .col-inner {\n  padding: 10% 10% 10% 10%;\n}\n<\/style>\n\t<\/div>\n\n\t\n\n\t<div id=\"col-1467548292\" class=\"col medium-6 small-12 large-6\"  >\n\t\t\t\t<div class=\"col-inner\"  >\n\t\t\t\n\t\t\t\n\n\t<div class=\"img has-hover x md-x lg-x y md-y lg-y\" id=\"image_370025173\">\n\t\t\t\t\t\t\t\t<div class=\"img-inner dark\" >\n\t\t\t<img loading=\"lazy\" decoding=\"async\" width=\"680\" height=\"465\" src=\"https:\/\/adiloglu.com.tr\/wp-content\/uploads\/2021\/09\/05.png\" class=\"attachment-large size-large\" alt=\"\" srcset=\"https:\/\/adiloglu.com.tr\/wp-content\/uploads\/2021\/09\/05.png 680w, https:\/\/adiloglu.com.tr\/wp-content\/uploads\/2021\/09\/05-585x400.png 585w, https:\/\/adiloglu.com.tr\/wp-content\/uploads\/2021\/09\/05-600x410.png 600w\" sizes=\"auto, (max-width: 680px) 100vw, 680px\" \/>\t\t\t\t\t\t\n\t\t\t\t\t<\/div>\n\t\t\t\t\t\t\t\t\n<style>\n#image_370025173 {\n  width: 100%;\n}\n<\/style>\n\t<\/div>\n\t\n\n\n\t\t<\/div>\n\t\t\t\t\t<\/div>\n\n\t\n\n<\/div>\n\n\t\t<\/div>\n\n\t\t\n<style>\n#section_1076290664 {\n  padding-top: 0px;\n  padding-bottom: 0px;\n  background-color: rgb(247, 247, 247);\n}\n#section_1076290664 .section-bg-overlay {\n  background-color: rgba(255, 255, 255, 0.85);\n}\n<\/style>\n\t<\/section>\n\t\n\t<section class=\"section\" id=\"section_489635533\">\n\t\t<div class=\"bg section-bg fill bg-fill bg-loaded bg-loaded\" >\n\n\t\t\t\n\t\t\t<div class=\"section-bg-overlay absolute fill\"><\/div>\n\t\t\t\n\n\t\t<\/div>\n\n\t\t<div class=\"section-content relative\">\n\t\t\t\n\n<div class=\"row row-collapse row-full-width align-middle\"  id=\"row-284916500\">\n\n\n\t<div id=\"col-1380792849\" class=\"col medium-6 small-12 large-6\"  >\n\t\t\t\t<div class=\"col-inner\"  >\n\t\t\t\n\t\t\t\n\n\t<div class=\"img has-hover x md-x lg-x y md-y lg-y\" id=\"image_1216419303\">\n\t\t\t\t\t\t\t\t<div class=\"img-inner dark\" >\n\t\t\t<img loading=\"lazy\" decoding=\"async\" width=\"680\" height=\"465\" src=\"https:\/\/adiloglu.com.tr\/wp-content\/uploads\/2021\/09\/06.png\" class=\"attachment-large size-large\" alt=\"\" srcset=\"https:\/\/adiloglu.com.tr\/wp-content\/uploads\/2021\/09\/06.png 680w, https:\/\/adiloglu.com.tr\/wp-content\/uploads\/2021\/09\/06-585x400.png 585w, https:\/\/adiloglu.com.tr\/wp-content\/uploads\/2021\/09\/06-600x410.png 600w\" sizes=\"auto, (max-width: 680px) 100vw, 680px\" \/>\t\t\t\t\t\t\n\t\t\t\t\t<\/div>\n\t\t\t\t\t\t\t\t\n<style>\n#image_1216419303 {\n  width: 100%;\n}\n<\/style>\n\t<\/div>\n\t\n\n\n\t\t<\/div>\n\t\t\t\t\t<\/div>\n\n\t\n\n\t<div id=\"col-1440372035\" class=\"col medium-6 small-12 large-6\"  >\n\t\t\t\t<div class=\"col-inner text-center\" style=\"max-width:520px;\" >\n\t\t\t\n\t\t\t\n\n<p>Daima \u00e7\u00f6z\u00fcm arayarak, bilgi ve deneyimi payla\u015farak, birbirimize g\u00fcvenip destek olarak, takdir edip kutlayarak, farkl\u0131l\u0131klar\u0131m\u0131zla bir olarak<\/p>\n<h1 class=\"text-90\">Birlikte<br>Ba\u015far\u0131r\u0131z.<\/h1>\n\n\t\t<\/div>\n\t\t\t\t\n<style>\n#col-1440372035 > .col-inner {\n  padding: 10% 10% 10% 10%;\n}\n<\/style>\n\t<\/div>\n\n\t\n\n<\/div>\n\n\t\t<\/div>\n\n\t\t\n<style>\n#section_489635533 {\n  padding-top: 0px;\n  padding-bottom: 0px;\n  background-color: rgb(247, 247, 247);\n}\n#section_489635533 .section-bg-overlay {\n  background-color: rgba(255, 255, 255, 0.85);\n}\n<\/style>\n\t<\/section>","protected":false},"excerpt":{"rendered":"","protected":false},"author":1,"featured_media":45,"parent":125,"menu_order":99,"comment_status":"closed","ping_status":"closed","template":"page-blank.php","meta":{"footnotes":""},"class_list":["post-378","page","type-page","status-publish","has-post-thumbnail","hentry"],"_links":{"self":[{"href":"https:\/\/adiloglu.com.tr\/en\/wp-json\/wp\/v2\/pages\/378","targetHints":{"allow":["GET"]}}],"collection":[{"href":"https:\/\/adiloglu.com.tr\/en\/wp-json\/wp\/v2\/pages"}],"about":[{"href":"https:\/\/adiloglu.com.tr\/en\/wp-json\/wp\/v2\/types\/page"}],"author":[{"embeddable":true,"href":"https:\/\/adiloglu.com.tr\/en\/wp-json\/wp\/v2\/users\/1"}],"replies":[{"embeddable":true,"href":"https:\/\/adiloglu.com.tr\/en\/wp-json\/wp\/v2\/comments?post=378"}],"version-history":[{"count":22,"href":"https:\/\/adiloglu.com.tr\/en\/wp-json\/wp\/v2\/pages\/378\/revisions"}],"predecessor-version":[{"id":1841,"href":"https:\/\/adiloglu.com.tr\/en\/wp-json\/wp\/v2\/pages\/378\/revisions\/1841"}],"up":[{"embeddable":true,"href":"https:\/\/adiloglu.com.tr\/en\/wp-json\/wp\/v2\/pages\/125"}],"wp:featuredmedia":[{"embeddable":true,"href":"https:\/\/adiloglu.com.tr\/en\/wp-json\/wp\/v2\/media\/45"}],"wp:attachment":[{"href":"https:\/\/adiloglu.com.tr\/en\/wp-json\/wp\/v2\/media?parent=378"}],"curies":[{"name":"wp","href":"https:\/\/api.w.org\/{rel}","templated":true}]}}