{"id":380,"date":"2021-09-14T15:01:51","date_gmt":"2021-09-14T12:01:51","guid":{"rendered":"https:\/\/adiloglu.com.tr\/?page_id=380"},"modified":"2021-10-12T10:53:09","modified_gmt":"2021-10-12T07:53:09","slug":"baskanin-mesaji","status":"publish","type":"page","link":"https:\/\/adiloglu.com.tr\/en\/elements\/baskanin-mesaji\/","title":{"rendered":"Ba\u015fkan&#8217;\u0131n Mesaj\u0131"},"content":{"rendered":"<div id=\"gap-677781106\" class=\"gap-element clearfix\" style=\"display:block; height:auto;\">\n\t\t\n<style>\n#gap-677781106 {\n  padding-top: 30px;\n}\n<\/style>\n\t<\/div>\n\t\n\n<div class=\"row\"  id=\"row-1705573801\">\n\n\n\t<div id=\"col-1146499400\" class=\"col medium-6 small-12 large-6\"  >\n\t\t\t\t<div class=\"col-inner\"  >\n\t\t\t\n\t\t\t\n\n<div class=\"container section-title-container\" ><h3 class=\"section-title section-title-center\"><b><\/b><span class=\"section-title-main\" >Chairman's Message<\/span><b><\/b><\/h3><\/div>\n\n<blockquote>\n<p>Dear investors, business partners, and valued employees;<\/p>\n<p>As Adilo\u011flu Group, since 1976, we've adhered to the principle of 'ethics first' in our commercial activities. By continuously innovating with evolving technological conditions, we tirelessly work to provide service to our valued investors and business partners.<\/p>\n<p>In the Construction sector, which holds significant importance in our operations, we're performing nothing short of an 'Artistic Transformation' with our Urban Regeneration projects. We prioritize voluntary transformation through our human-centric approach to urban regeneration. Contributing to the development of the region and the well-being of its residents truly makes us happy.\n\nBeyond that, we continue to add value to our region by constructing Residences, Workplaces, and Factories. When it comes to real estate consultancy, we strive to provide our citizens with the most accurate and fastest information. We're also achieving successful results in retail store operations and online shopping within the Glassware, Home Textiles, and Curtains sectors.<\/p>\n<p>With the contributions of our valued investors, business partners, and employees, we will continue to develop our group companies for the better, adhering to our values, and consistently adding value to society and the economy.<\/p>\n<\/blockquote>\n\n\t\t<\/div>\n\t\t\t\t\t<\/div>\n\n\t\n\n\t<div id=\"col-1183072345\" class=\"col medium-6 small-12 large-6\"  >\n\t\t\t\t<div class=\"col-inner\"  >\n\t\t\t\n\t\t\t\n\n\t<div id=\"gap-1419093645\" class=\"gap-element clearfix\" style=\"display:block; height:auto;\">\n\t\t\n<style>\n#gap-1419093645 {\n  padding-top: 60px;\n}\n<\/style>\n\t<\/div>\n\t\n\n    <div class=\"box has-hover has-hover box-text-bottom\" >\n\n                  <div class=\"box-image\" style=\"width:80%;\">\n           <div class=\"box-image-inner image-cover\" style=\"border-radius:100%;padding-top:100%;\">\n              <img loading=\"lazy\" decoding=\"async\" width=\"2560\" height=\"1569\" src=\"https:\/\/adiloglu.com.tr\/wp-content\/uploads\/2021\/09\/IMG_9004-scaled.jpg\" class=\"attachment- size-\" alt=\"\" srcset=\"https:\/\/adiloglu.com.tr\/wp-content\/uploads\/2021\/09\/IMG_9004-scaled.jpg 2560w, https:\/\/adiloglu.com.tr\/wp-content\/uploads\/2021\/09\/IMG_9004-653x400.jpg 653w, https:\/\/adiloglu.com.tr\/wp-content\/uploads\/2021\/09\/IMG_9004-1305x800.jpg 1305w, https:\/\/adiloglu.com.tr\/wp-content\/uploads\/2021\/09\/IMG_9004-768x471.jpg 768w, https:\/\/adiloglu.com.tr\/wp-content\/uploads\/2021\/09\/IMG_9004-1536x942.jpg 1536w, https:\/\/adiloglu.com.tr\/wp-content\/uploads\/2021\/09\/IMG_9004-2048x1255.jpg 2048w, https:\/\/adiloglu.com.tr\/wp-content\/uploads\/2021\/09\/IMG_9004-600x368.jpg 600w\" sizes=\"auto, (max-width: 2560px) 100vw, 2560px\" \/>                         <\/div>\n          <\/div>\n         \n          <div class=\"box-text text-center\" >\n                <div class=\"box-text-inner\">\n                  <h4 class=\"uppercase\">\n                    <span class=\"person-name\">Muhammet Adilo\u011flu<\/span><br\/>\n                    <span class=\"person-title is-small thin-font op-7\">\n                      Chairman of the Board                    <\/span>\n                  <\/h4>\n                                  \n\n<div class=\"social-icons follow-icons\" ><a href=\"https:\/\/www.facebook.com\/Adilolugrup-106199228493742\" target=\"_blank\" data-label=\"Facebook\" rel=\"noopener noreferrer nofollow\" class=\"icon plain facebook tooltip\" title=\"Follow on Facebook\" aria-label=\"Follow on Facebook\"><i class=\"icon-facebook\" ><\/i><\/a><a href=\"https:\/\/www.instagram.com\/adiloglugrup\" target=\"_blank\" rel=\"noopener noreferrer nofollow\" data-label=\"Instagram\" class=\"icon plain  instagram tooltip\" title=\"Follow on Instagram\" aria-label=\"Follow on Instagram\"><i class=\"icon-instagram\" ><\/i><\/a><a href=\"https:\/\/twitter.com\/AdilogluGrup\" target=\"_blank\" data-label=\"Twitter\" rel=\"noopener noreferrer nofollow\" class=\"icon plain  twitter tooltip\" title=\"Follow on Twitter\" aria-label=\"Follow on Twitter\"><i class=\"icon-twitter\" ><\/i><\/a><a href=\"https:\/\/www.linkedin.com\/company\/adiloglugrup\" target=\"_blank\" rel=\"noopener noreferrer nofollow\" data-label=\"LinkedIn\" class=\"icon plain  linkedin tooltip\" title=\"Follow on LinkedIn\" aria-label=\"Follow on LinkedIn\"><i class=\"icon-linkedin\" ><\/i><\/a><a href=\"https:\/\/www.youtube.com\/channel\/UCIc1rNVSdVxHLu0LeUaEk7g\" target=\"_blank\" rel=\"noopener noreferrer nofollow\" data-label=\"YouTube\" class=\"icon plain  youtube tooltip\" title=\"Follow on YouTube\" aria-label=\"Follow on YouTube\"><i class=\"icon-youtube\" ><\/i><\/a><\/div>\n\n\n                <\/div>\n          <\/div>\n    <\/div>\n\n    \n    \n\n\t\t<\/div>\n\t\t\t\t\t<\/div>\n\n\t\n\n<\/div>","protected":false},"excerpt":{"rendered":"","protected":false},"author":1,"featured_media":45,"parent":125,"menu_order":21,"comment_status":"closed","ping_status":"closed","template":"page-blank.php","meta":{"footnotes":""},"class_list":["post-380","page","type-page","status-publish","has-post-thumbnail","hentry"],"_links":{"self":[{"href":"https:\/\/adiloglu.com.tr\/en\/wp-json\/wp\/v2\/pages\/380","targetHints":{"allow":["GET"]}}],"collection":[{"href":"https:\/\/adiloglu.com.tr\/en\/wp-json\/wp\/v2\/pages"}],"about":[{"href":"https:\/\/adiloglu.com.tr\/en\/wp-json\/wp\/v2\/types\/page"}],"author":[{"embeddable":true,"href":"https:\/\/adiloglu.com.tr\/en\/wp-json\/wp\/v2\/users\/1"}],"replies":[{"embeddable":true,"href":"https:\/\/adiloglu.com.tr\/en\/wp-json\/wp\/v2\/comments?post=380"}],"version-history":[{"count":14,"href":"https:\/\/adiloglu.com.tr\/en\/wp-json\/wp\/v2\/pages\/380\/revisions"}],"predecessor-version":[{"id":1689,"href":"https:\/\/adiloglu.com.tr\/en\/wp-json\/wp\/v2\/pages\/380\/revisions\/1689"}],"up":[{"embeddable":true,"href":"https:\/\/adiloglu.com.tr\/en\/wp-json\/wp\/v2\/pages\/125"}],"wp:featuredmedia":[{"embeddable":true,"href":"https:\/\/adiloglu.com.tr\/en\/wp-json\/wp\/v2\/media\/45"}],"wp:attachment":[{"href":"https:\/\/adiloglu.com.tr\/en\/wp-json\/wp\/v2\/media?parent=380"}],"curies":[{"name":"wp","href":"https:\/\/api.w.org\/{rel}","templated":true}]}}