{"id":4709,"date":"2025-06-14T10:21:16","date_gmt":"2025-06-14T07:21:16","guid":{"rendered":"https:\/\/adiloglu.com.tr\/?page_id=4709"},"modified":"2025-06-14T10:21:17","modified_gmt":"2025-06-14T07:21:17","slug":"satis-sonrasi-destek","status":"publish","type":"page","link":"https:\/\/adiloglu.com.tr\/en\/satis-sonrasi-destek\/","title":{"rendered":"Sat\u0131\u015f Sonras\u0131 Destek"},"content":{"rendered":"[fluent_support_portal]","protected":false},"excerpt":{"rendered":"[fluent_support_portal]","protected":false},"author":1,"featured_media":0,"parent":0,"menu_order":0,"comment_status":"closed","ping_status":"closed","template":"","meta":{"footnotes":""},"class_list":["post-4709","page","type-page","status-publish","hentry"],"_links":{"self":[{"href":"https:\/\/adiloglu.com.tr\/en\/wp-json\/wp\/v2\/pages\/4709","targetHints":{"allow":["GET"]}}],"collection":[{"href":"https:\/\/adiloglu.com.tr\/en\/wp-json\/wp\/v2\/pages"}],"about":[{"href":"https:\/\/adiloglu.com.tr\/en\/wp-json\/wp\/v2\/types\/page"}],"author":[{"embeddable":true,"href":"https:\/\/adiloglu.com.tr\/en\/wp-json\/wp\/v2\/users\/1"}],"replies":[{"embeddable":true,"href":"https:\/\/adiloglu.com.tr\/en\/wp-json\/wp\/v2\/comments?post=4709"}],"version-history":[{"count":1,"href":"https:\/\/adiloglu.com.tr\/en\/wp-json\/wp\/v2\/pages\/4709\/revisions"}],"predecessor-version":[{"id":4710,"href":"https:\/\/adiloglu.com.tr\/en\/wp-json\/wp\/v2\/pages\/4709\/revisions\/4710"}],"wp:attachment":[{"href":"https:\/\/adiloglu.com.tr\/en\/wp-json\/wp\/v2\/media?parent=4709"}],"curies":[{"name":"wp","href":"https:\/\/api.w.org\/{rel}","templated":true}]}}