{"id":526,"date":"2021-09-16T10:30:32","date_gmt":"2021-09-16T07:30:32","guid":{"rendered":"https:\/\/adiloglu.com.tr\/?page_id=526"},"modified":"2021-10-12T15:33:22","modified_gmt":"2021-10-12T12:33:22","slug":"personel-basvurulari","status":"publish","type":"page","link":"https:\/\/adiloglu.com.tr\/en\/elements\/pages\/personel-basvurulari\/","title":{"rendered":"Job Applications"},"content":{"rendered":"<div id=\"gap-371780713\" class=\"gap-element clearfix\" style=\"display:block; height:auto;\">\n\t\t\n<style>\n#gap-371780713 {\n  padding-top: 30px;\n}\n<\/style>\n\t<\/div>\n\t\n\n<div class=\"row\"  id=\"row-897446846\">\n\n\n\t<div id=\"col-1702678646\" class=\"col medium-6 large-6\"  >\n\t\t\t\t<div class=\"col-inner\"  >\n\t\t\t\n\t\t\t\n\n<div class=\"container section-title-container\" ><h3 class=\"section-title section-title-normal\"><b><\/b><span class=\"section-title-main\" >Adilo\u011flu \u015eirketler Grubu<\/span><b><\/b><\/h3><\/div>\n\n<p class=\"lead\">Candidate Personal Data Protection and Processing Clarification Text<\/p>\n<div class=\"accordion\" rel=\"\">\n\n<div class=\"accordion-item\"><a href=\"#\" class=\"accordion-title plain\"><button class=\"toggle\"><i class=\"icon-angle-down\"><\/i><\/button><span>1. Data Controller<\/span><\/a><div class=\"accordion-inner\">\n\nYour personal data may be processed by Adilo\u011flu Group (referred to as \"the Company\"), acting as the data controller, within the scope explained below, in accordance with the Personal Data Protection Law No. 6698 (referred to as \"the Law\").\n\nFor detailed information regarding the processing of your personal data by our Company, you can access the Adilo\u011flu Group Personal Data Protection and Processing Policy, which has been publicly shared on our website at www.adiloglu.com.tr\n\n<\/div><\/div>\n<div class=\"accordion-item\"><a href=\"#\" class=\"accordion-title plain\"><button class=\"toggle\"><i class=\"icon-angle-down\"><\/i><\/button><span>2. Purpose of Processing Your Personal Data<\/span><\/a><div class=\"accordion-inner\">\n\nYour collected personal data may be processed by Adilo\u011flu Group (the \"Company\") in accordance with the fundamental principles outlined in the Law, and within the personal data processing conditions specified in Articles 5 and 6 of the Law. This processing is primarily for the purposes of:\n\nRunning applicant application, selection, and evaluation processes.\n\nCarrying out necessary internal and external communication activities for applicant placement.\n\nConducting reference or intelligence activities for personnel recruitment or Company security processes.\n\nAdditionally, your data may be processed for the purposes of planning and\/or executing our Company's human resources policies and processes, and for planning and\/or executing activities to ensure the legal and technical security of our Company and individuals with whom our Company has a business relationship (\"Purposes\").\n\n<\/div><\/div>\n<div class=\"accordion-item\"><a href=\"#\" class=\"accordion-title plain\"><button class=\"toggle\"><i class=\"icon-angle-down\"><\/i><\/button><span>3. Parties to Whom Your Personal Data is Transferred and Purposes of Transfer<\/span><\/a><div class=\"accordion-inner\">\n\nYour collected personal data may be processed by Adilo\u011flu Group (the \"Company\") in accordance with the fundamental principles outlined in the Law, and within the personal data processing conditions specified in Articles 5 and 6 of the Law. This processing is primarily for the purposes of:\n\nRunning applicant application, selection, and evaluation processes.\n\nCarrying out necessary internal and external communication activities for applicant placement.\n\nConducting reference or intelligence activities for personnel recruitment or Company security processes.\n\nAdditionally, your data may be processed for the purposes of planning and\/or executing our Company's human resources policies and processes, and for planning and\/or executing activities to ensure the legal and technical security of our Company and individuals with whom our Company has a business relationship (\"Purposes\").\n\n<\/div><\/div>\n<div class=\"accordion-item\"><a href=\"#\" class=\"accordion-title plain\"><button class=\"toggle\"><i class=\"icon-angle-down\"><\/i><\/button><span>4. Method and Legal Basis for Collecting Your Personal Data<\/span><\/a><div class=\"accordion-inner\">\n\nYour personal data is collected when you interact with our Company through:\n\nDigital application forms published in written or electronic formats.\n\nResumes submitted by job candidates via email, cargo, fax, our website, references, or similar methods.\n\nElectronic and\/or physical channels through employment or consultancy firms.\n\nFurthermore, your personal data is collected based on the legal grounds of contract formation and execution, legitimate interest, and, where applicable, explicit consent, as regulated by Articles 5 and 6 of the Law.\n\n<\/div><\/div>\n<div class=\"accordion-item\"><a href=\"#\" class=\"accordion-title plain\"><button class=\"toggle\"><i class=\"icon-angle-down\"><\/i><\/button><span>5. Your Rights as a Data Subject Under Article 11 of the Law<\/span><\/a><div class=\"accordion-inner\">\n\n<p>We inform you that as a data subject, you have the following rights under Article 11 of the Law:<\/p>\n<ul>\n<li>You have the right to learn whether your personal data is being processed,<\/li>\n<li>You have the right to request information regarding the processing of your personal data, if it has been processed,<\/li>\n<li>You have the right to learn the purpose of processing your personal data and whether it is used in accordance with that purpose,<\/li>\n<li>You have the right to know the third parties to whom your personal data is transferred, whether domestically or abroad.<\/li>\n<li>Ki\u015fisel verilerinizin eksik veya yanl\u0131\u015f i\u015flenmi\u015f olmas\u0131 h\u00e2linde bunlar\u0131n d\u00fczeltilmesini isteme ve bu kapsamda yap\u0131lan i\u015flemin ki\u015fisel verilerinizin aktar\u0131ld\u0131\u011f\u0131 \u00fc\u00e7\u00fcnc\u00fc ki\u015filere bildirilmesini isteme,<\/li>\n<li>You have the right to request the deletion or destruction of your personal data if the reasons requiring its processing cease to exist, despite being processed in accordance with the Law and other relevant legal provisions. You can also request that this action be notified to third parties to whom your personal data has been transferred.<\/li>\n<li>You have the right to object to an outcome against you if it arises solely from the analysis of your processed data by automated systems.<\/li>\n<li>You have the right to demand compensation for damages in the event that you suffer loss due to your personal data being processed unlawfully.<\/li>\n<\/ul>\n\n<\/div><\/div>\n\n<\/div>\n\n\t\t<\/div>\n\t\t\t\t\t<\/div>\n\n\t\n\n\t<div id=\"col-430318110\" class=\"col medium-6 large-6\"  >\n\t\t\t\t<div class=\"col-inner\"  >\n\t\t\t\n\t\t\t\n\n<div class=\"container section-title-container\" ><h3 class=\"section-title section-title-normal\"><b><\/b><span class=\"section-title-main\" >Application Form<\/span><b><\/b><\/h3><\/div>\n\n<p>Please fill in the following information accurately and completely.<\/p>\n\n<div class=\"wpcf7 no-js\" id=\"wpcf7-f1281-o1\" lang=\"en-US\" dir=\"ltr\" data-wpcf7-id=\"1281\">\n<div class=\"screen-reader-response\"><p role=\"status\" aria-live=\"polite\" aria-atomic=\"true\"><\/p> <ul><\/ul><\/div>\n<form action=\"\/en\/wp-json\/wp\/v2\/pages\/526#wpcf7-f1281-o1\" method=\"post\" class=\"wpcf7-form init\" aria-label=\"Contact form\" novalidate=\"novalidate\" data-status=\"init\" data-trp-original-action=\"\/en\/wp-json\/wp\/v2\/pages\/526#wpcf7-f1281-o1\">\n<fieldset class=\"hidden-fields-container\"><input type=\"hidden\" name=\"_wpcf7\" value=\"1281\" \/><input type=\"hidden\" name=\"_wpcf7_version\" value=\"6.1.4\" \/><input type=\"hidden\" name=\"_wpcf7_locale\" value=\"en_US\" \/><input type=\"hidden\" name=\"_wpcf7_unit_tag\" value=\"wpcf7-f1281-o1\" \/><input type=\"hidden\" name=\"_wpcf7_container_post\" value=\"0\" \/><input type=\"hidden\" name=\"_wpcf7_posted_data_hash\" value=\"\" \/>\n<\/fieldset>\n<div class=\"form-flat\">\n\t<p><span class=\"wpcf7-form-control-wrap\" data-name=\"your-name\"><input size=\"40\" maxlength=\"400\" class=\"wpcf7-form-control wpcf7-text wpcf7-validates-as-required\" aria-required=\"true\" aria-invalid=\"false\" placeholder=\"Full Name\" value=\"\" type=\"text\" name=\"your-name\" \/><\/span>\n\t<\/p>\n\t<p><span class=\"wpcf7-form-control-wrap\" data-name=\"tel-168\"><input size=\"40\" maxlength=\"400\" class=\"wpcf7-form-control wpcf7-tel wpcf7-validates-as-required wpcf7-text wpcf7-validates-as-tel\" aria-required=\"true\" aria-invalid=\"false\" placeholder=\"Phone\" value=\"\" type=\"tel\" name=\"tel-168\" \/><\/span>\n\t<\/p>\n\t<p><span class=\"wpcf7-form-control-wrap\" data-name=\"number-433\"><input class=\"wpcf7-form-control wpcf7-number wpcf7-validates-as-required wpcf7-validates-as-number\" aria-required=\"true\" aria-invalid=\"false\" placeholder=\"ID\" value=\"\" type=\"number\" name=\"number-433\" \/><\/span>\n\t<\/p>\n\t<p><span class=\"wpcf7-form-control-wrap\" data-name=\"text-354\"><input size=\"40\" maxlength=\"400\" class=\"wpcf7-form-control wpcf7-text wpcf7-validates-as-required\" aria-required=\"true\" aria-invalid=\"false\" placeholder=\"Place of Birth\" value=\"\" type=\"text\" name=\"text-354\" \/><\/span>\n\t<\/p>\n\t<p><span class=\"wpcf7-form-control-wrap\" data-name=\"date-12\"><input class=\"wpcf7-form-control wpcf7-date wpcf7-validates-as-required wpcf7-validates-as-date\" aria-required=\"true\" aria-invalid=\"false\" value=\"Do\u011fum Tarihiniz\" type=\"date\" name=\"date-12\" \/><\/span>\n\t<\/p>\n\t<p><span class=\"wpcf7-form-control-wrap\" data-name=\"menu-507\"><select class=\"wpcf7-form-control wpcf7-select wpcf7-validates-as-required\" id=\"MedeniHal\" aria-required=\"true\" aria-invalid=\"false\" name=\"menu-507\"><option value=\"Evli\">Evli<\/option><option value=\"Bekar\">Bekar<\/option><\/select><\/span>\n\t<\/p>\n\t<p><span class=\"wpcf7-form-control-wrap\" data-name=\"menu-730\"><select class=\"wpcf7-form-control wpcf7-select wpcf7-validates-as-required\" id=\"Sigara\" aria-required=\"true\" aria-invalid=\"false\" name=\"menu-730\"><option value=\"Sigara i\u00e7miyorum\">Sigara i\u00e7miyorum<\/option><option value=\"Sigara i\u00e7iyorum\">Sigara i\u00e7iyorum<\/option><\/select><\/span>\n\t<\/p>\n\t<p><span class=\"wpcf7-form-control-wrap\" data-name=\"menu-499\"><select class=\"wpcf7-form-control wpcf7-select wpcf7-validates-as-required\" id=\"renim\" aria-required=\"true\" aria-invalid=\"false\" name=\"menu-499\"><option value=\"\u0130lk\u00f6\u011fretim\">\u0130lk\u00f6\u011fretim<\/option><option value=\"Lise\">Lise<\/option><option value=\"\u00d6n-lisans\">\u00d6n-lisans<\/option><option value=\"Lisans\">Lisans<\/option><\/select><\/span>\n\t<\/p>\n\t<p><span class=\"wpcf7-form-control-wrap\" data-name=\"your-message\"><textarea cols=\"40\" rows=\"10\" maxlength=\"2000\" class=\"wpcf7-form-control wpcf7-textarea\" aria-invalid=\"false\" placeholder=\"Work Experience\" name=\"your-message\"><\/textarea><\/span>\n\t<\/p>\n\t<p><input class=\"wpcf7-form-control wpcf7-submit has-spinner button\" type=\"submit\" value=\"Submit\" \/>\n\t<\/p>\n<\/div><div class=\"wpcf7-response-output\" aria-hidden=\"true\"><\/div>\n<input type=\"hidden\" name=\"trp-form-language\" value=\"en\"\/><\/form>\n<\/div>\n\n\n\n\t\t<\/div>\n\t\t\t\t\t<\/div>\n\n\t\n\n<\/div>\n<p>\u00a0<\/p>","protected":false},"excerpt":{"rendered":"","protected":false},"author":1,"featured_media":45,"parent":80,"menu_order":0,"comment_status":"closed","ping_status":"closed","template":"page-blank.php","meta":{"footnotes":""},"class_list":["post-526","page","type-page","status-publish","has-post-thumbnail","hentry"],"_links":{"self":[{"href":"https:\/\/adiloglu.com.tr\/en\/wp-json\/wp\/v2\/pages\/526","targetHints":{"allow":["GET"]}}],"collection":[{"href":"https:\/\/adiloglu.com.tr\/en\/wp-json\/wp\/v2\/pages"}],"about":[{"href":"https:\/\/adiloglu.com.tr\/en\/wp-json\/wp\/v2\/types\/page"}],"author":[{"embeddable":true,"href":"https:\/\/adiloglu.com.tr\/en\/wp-json\/wp\/v2\/users\/1"}],"replies":[{"embeddable":true,"href":"https:\/\/adiloglu.com.tr\/en\/wp-json\/wp\/v2\/comments?post=526"}],"version-history":[{"count":12,"href":"https:\/\/adiloglu.com.tr\/en\/wp-json\/wp\/v2\/pages\/526\/revisions"}],"predecessor-version":[{"id":1757,"href":"https:\/\/adiloglu.com.tr\/en\/wp-json\/wp\/v2\/pages\/526\/revisions\/1757"}],"up":[{"embeddable":true,"href":"https:\/\/adiloglu.com.tr\/en\/wp-json\/wp\/v2\/pages\/80"}],"wp:featuredmedia":[{"embeddable":true,"href":"https:\/\/adiloglu.com.tr\/en\/wp-json\/wp\/v2\/media\/45"}],"wp:attachment":[{"href":"https:\/\/adiloglu.com.tr\/en\/wp-json\/wp\/v2\/media?parent=526"}],"curies":[{"name":"wp","href":"https:\/\/api.w.org\/{rel}","templated":true}]}}